{"id":3394,"date":"2024-10-22T08:39:18","date_gmt":"2024-10-22T08:39:18","guid":{"rendered":"https:\/\/equality4tourism.ch\/rapport-sur-legalite-dans-le-tourisme-suisse\/"},"modified":"2026-02-06T07:16:46","modified_gmt":"2026-02-06T07:16:46","slug":"rapport-sur-legalite-dans-le-tourisme-suisse","status":"publish","type":"page","link":"https:\/\/equality4tourism.ch\/fr\/rapport-sur-legalite-dans-le-tourisme-suisse\/","title":{"rendered":"Equality Report Swiss Tourism"},"content":{"rendered":"\t\t<div data-elementor-type=\"wp-page\" data-elementor-id=\"3394\" class=\"elementor elementor-3394 elementor-2268\">\n\t\t\t\t\t\t<section class=\"elementor-section elementor-top-section elementor-element elementor-element-9d22dee elementor-section-boxed elementor-section-height-default elementor-section-height-default\" data-id=\"9d22dee\" data-element_type=\"section\">\n\t\t\t\t\t\t<div class=\"elementor-container elementor-column-gap-default\">\n\t\t\t\t\t<div class=\"elementor-column elementor-col-100 elementor-top-column elementor-element elementor-element-ab7ec4e\" data-id=\"ab7ec4e\" data-element_type=\"column\">\n\t\t\t<div class=\"elementor-widget-wrap elementor-element-populated\">\n\t\t\t\t\t\t<div class=\"elementor-element elementor-element-d34e33c e4t-page-heading elementor-widget elementor-widget-heading\" data-id=\"d34e33c\" data-element_type=\"widget\" data-widget_type=\"heading.default\">\n\t\t\t\t<div class=\"elementor-widget-container\">\n\t\t\t\t\t<h2 class=\"elementor-heading-title elementor-size-default\">RAPPORT SUR L'\u00c9GALIT\u00c9 DANS LE TOURISME SUISSE<\/h2>\t\t\t\t<\/div>\n\t\t\t\t<\/div>\n\t\t\t\t\t<\/div>\n\t\t<\/div>\n\t\t\t\t\t<\/div>\n\t\t<\/section>\n\t\t\t\t<section class=\"elementor-section elementor-top-section elementor-element elementor-element-944c5ee elementor-section-boxed elementor-section-height-default elementor-section-height-default\" data-id=\"944c5ee\" data-element_type=\"section\">\n\t\t\t\t\t\t<div class=\"elementor-container elementor-column-gap-default\">\n\t\t\t\t\t<div class=\"elementor-column elementor-col-100 elementor-top-column elementor-element elementor-element-a1e8160\" data-id=\"a1e8160\" data-element_type=\"column\">\n\t\t\t<div class=\"elementor-widget-wrap elementor-element-populated\">\n\t\t\t\t\t\t<div class=\"elementor-element elementor-element-0adb44d elementor-widget elementor-widget-text-editor\" data-id=\"0adb44d\" data-element_type=\"widget\" data-widget_type=\"text-editor.default\">\n\t\t\t\t<div class=\"elementor-widget-container\">\n\t\t\t\t\t\t\t\t\t<div class=\"page\" title=\"Page 4\"><div class=\"layoutArea\"><div class=\"column\"><p><em>Avec l&rsquo;Equality Report Swiss Tourism, on dispose pour la premi\u00e8re fois d&rsquo;une analyse de la parit\u00e9 hommes-femmes dans le tourisme suisse. Il est bien connu que les \u00e9quipes mixtes conduisent durablement \u00e0 de meilleurs r\u00e9sultats et favorisent une culture d&rsquo;entreprise motivante. Il n&rsquo;existait cependant pas jusqu&rsquo;\u00e0 pr\u00e9sent de base de donn\u00e9es pour le tourisme. Le rapport examine la parit\u00e9 hommes-femmes dans quatre domaines principaux : Salari\u00e9s, Employeurs, Organisations\/collectivit\u00e9s de droit public et Associations.<\/em><\/p><\/div><\/div><\/div>\t\t\t\t\t\t\t\t<\/div>\n\t\t\t\t<\/div>\n\t\t\t\t\t<\/div>\n\t\t<\/div>\n\t\t\t\t\t<\/div>\n\t\t<\/section>\n\t\t\t\t<section class=\"elementor-section elementor-top-section elementor-element elementor-element-934f601 elementor-section-boxed elementor-section-height-default elementor-section-height-default\" data-id=\"934f601\" data-element_type=\"section\">\n\t\t\t\t\t\t<div class=\"elementor-container elementor-column-gap-default\">\n\t\t\t\t\t<div class=\"elementor-column elementor-col-100 elementor-top-column elementor-element elementor-element-57cb798\" data-id=\"57cb798\" data-element_type=\"column\">\n\t\t\t<div class=\"elementor-widget-wrap elementor-element-populated\">\n\t\t\t\t\t\t<div class=\"elementor-element elementor-element-5a4f126 elementor-widget elementor-widget-text-editor\" data-id=\"5a4f126\" data-element_type=\"widget\" data-widget_type=\"text-editor.default\">\n\t\t\t\t<div class=\"elementor-widget-container\">\n\t\t\t\t\t\t\t\t\t<h3><strong><em>Equality Report Swiss Tourism 2024 (version fran\u00e7aise)<\/em><\/strong><\/h3><div id=\"gtx-trans\" style=\"position: absolute; left: 9px; top: 21.7969px;\"><div class=\"gtx-trans-icon\"> <\/div><\/div>\t\t\t\t\t\t\t\t<\/div>\n\t\t\t\t<\/div>\n\t\t\t\t<section class=\"elementor-section elementor-inner-section elementor-element elementor-element-b1d24df elementor-section-boxed elementor-section-height-default elementor-section-height-default\" data-id=\"b1d24df\" data-element_type=\"section\">\n\t\t\t\t\t\t<div class=\"elementor-container elementor-column-gap-default\">\n\t\t\t\t\t<div class=\"elementor-column elementor-col-50 elementor-inner-column elementor-element elementor-element-c82b34e\" data-id=\"c82b34e\" data-element_type=\"column\">\n\t\t\t<div class=\"elementor-widget-wrap elementor-element-populated\">\n\t\t\t\t\t\t<div class=\"elementor-element elementor-element-690b35c elementor-widget elementor-widget-image\" data-id=\"690b35c\" data-element_type=\"widget\" data-widget_type=\"image.default\">\n\t\t\t\t<div class=\"elementor-widget-container\">\n\t\t\t\t\t\t\t\t\t\t\t\t\t\t\t\t<a href=\"https:\/\/equality4tourism.ch\/wp-content\/uploads\/2024\/10\/Equality-Report-Swiss-Tourism-2024-FR.pdf\" target=\"_blank\">\n\t\t\t\t\t\t\t<img fetchpriority=\"high\" decoding=\"async\" width=\"595\" height=\"842\" src=\"https:\/\/equality4tourism.ch\/wp-content\/uploads\/2024\/10\/Report-Front-DE.png\" class=\"attachment-large size-large wp-image-2361\" alt=\"\" srcset=\"https:\/\/equality4tourism.ch\/wp-content\/uploads\/2024\/10\/Report-Front-DE.png 595w, https:\/\/equality4tourism.ch\/wp-content\/uploads\/2024\/10\/Report-Front-DE-212x300.png 212w\" sizes=\"(max-width: 595px) 100vw, 595px\" \/>\t\t\t\t\t\t\t\t<\/a>\n\t\t\t\t\t\t\t\t\t\t\t\t\t\t\t<\/div>\n\t\t\t\t<\/div>\n\t\t\t\t\t<\/div>\n\t\t<\/div>\n\t\t\t\t<div class=\"elementor-column elementor-col-50 elementor-inner-column elementor-element elementor-element-b5fa812\" data-id=\"b5fa812\" data-element_type=\"column\">\n\t\t\t<div class=\"elementor-widget-wrap elementor-element-populated\">\n\t\t\t\t\t\t<div class=\"elementor-element elementor-element-29861e3 elementor-widget elementor-widget-image\" data-id=\"29861e3\" data-element_type=\"widget\" data-widget_type=\"image.default\">\n\t\t\t\t<div class=\"elementor-widget-container\">\n\t\t\t\t\t\t\t\t\t\t\t\t\t\t\t\t<a href=\"https:\/\/equality4tourism.ch\/wp-content\/uploads\/2024\/10\/Equality-Report-Swiss-Tourism-2024-FR.pdf\" target=\"_blank\">\n\t\t\t\t\t\t\t<img decoding=\"async\" width=\"594\" height=\"842\" src=\"https:\/\/equality4tourism.ch\/wp-content\/uploads\/2024\/10\/Report-P9-DE.png\" class=\"attachment-large size-large wp-image-2363\" alt=\"\" srcset=\"https:\/\/equality4tourism.ch\/wp-content\/uploads\/2024\/10\/Report-P9-DE.png 594w, https:\/\/equality4tourism.ch\/wp-content\/uploads\/2024\/10\/Report-P9-DE-212x300.png 212w\" sizes=\"(max-width: 594px) 100vw, 594px\" \/>\t\t\t\t\t\t\t\t<\/a>\n\t\t\t\t\t\t\t\t\t\t\t\t\t\t\t<\/div>\n\t\t\t\t<\/div>\n\t\t\t\t\t<\/div>\n\t\t<\/div>\n\t\t\t\t\t<\/div>\n\t\t<\/section>\n\t\t\t\t<section class=\"elementor-section elementor-inner-section elementor-element elementor-element-f00b4de elementor-section-boxed elementor-section-height-default elementor-section-height-default\" data-id=\"f00b4de\" data-element_type=\"section\">\n\t\t\t\t\t\t<div class=\"elementor-container elementor-column-gap-default\">\n\t\t\t\t\t<div class=\"elementor-column elementor-col-100 elementor-inner-column elementor-element elementor-element-ca15c6f\" data-id=\"ca15c6f\" data-element_type=\"column\">\n\t\t\t<div class=\"elementor-widget-wrap elementor-element-populated\">\n\t\t\t\t\t\t<div class=\"elementor-element elementor-element-5b884dd elementor-widget elementor-widget-spacer\" data-id=\"5b884dd\" data-element_type=\"widget\" data-widget_type=\"spacer.default\">\n\t\t\t\t<div class=\"elementor-widget-container\">\n\t\t\t\t\t\t\t<div class=\"elementor-spacer\">\n\t\t\t<div class=\"elementor-spacer-inner\"><\/div>\n\t\t<\/div>\n\t\t\t\t\t\t<\/div>\n\t\t\t\t<\/div>\n\t\t\t\t<div class=\"elementor-element elementor-element-6046058 elementor-align-center elementor-widget elementor-widget-button\" data-id=\"6046058\" data-element_type=\"widget\" data-widget_type=\"button.default\">\n\t\t\t\t<div class=\"elementor-widget-container\">\n\t\t\t\t\t\t\t\t\t<div class=\"elementor-button-wrapper\">\n\t\t\t\t\t<a class=\"elementor-button elementor-button-link elementor-size-sm\" href=\"https:\/\/equality4tourism.ch\/wp-content\/uploads\/2024\/10\/Equality-Report-Swiss-Tourism-2024-FR.pdf\" target=\"_blank\">\n\t\t\t\t\t\t<span class=\"elementor-button-content-wrapper\">\n\t\t\t\t\t\t\t\t\t<span class=\"elementor-button-text\">Vers le rapport<\/span>\n\t\t\t\t\t<\/span>\n\t\t\t\t\t<\/a>\n\t\t\t\t<\/div>\n\t\t\t\t\t\t\t\t<\/div>\n\t\t\t\t<\/div>\n\t\t\t\t<div class=\"elementor-element elementor-element-bf7a9cd elementor-widget elementor-widget-spacer\" data-id=\"bf7a9cd\" data-element_type=\"widget\" data-widget_type=\"spacer.default\">\n\t\t\t\t<div class=\"elementor-widget-container\">\n\t\t\t\t\t\t\t<div class=\"elementor-spacer\">\n\t\t\t<div class=\"elementor-spacer-inner\"><\/div>\n\t\t<\/div>\n\t\t\t\t\t\t<\/div>\n\t\t\t\t<\/div>\n\t\t\t\t\t<\/div>\n\t\t<\/div>\n\t\t\t\t\t<\/div>\n\t\t<\/section>\n\t\t\t\t\t<\/div>\n\t\t<\/div>\n\t\t\t\t\t<\/div>\n\t\t<\/section>\n\t\t\t\t<section class=\"elementor-section elementor-top-section elementor-element elementor-element-c599ae8 elementor-section-boxed elementor-section-height-default elementor-section-height-default\" data-id=\"c599ae8\" data-element_type=\"section\" data-settings=\"{&quot;background_background&quot;:&quot;classic&quot;}\">\n\t\t\t\t\t\t<div class=\"elementor-container elementor-column-gap-default\">\n\t\t\t\t\t<div class=\"elementor-column elementor-col-100 elementor-top-column elementor-element elementor-element-f7a2cef\" data-id=\"f7a2cef\" data-element_type=\"column\">\n\t\t\t<div class=\"elementor-widget-wrap elementor-element-populated\">\n\t\t\t\t\t\t<div class=\"elementor-element elementor-element-a19f064 elementor-widget elementor-widget-heading\" data-id=\"a19f064\" data-element_type=\"widget\" data-widget_type=\"heading.default\">\n\t\t\t\t<div class=\"elementor-widget-container\">\n\t\t\t\t\t<h2 class=\"elementor-heading-title elementor-size-default\">Points forts du Rapport sur l'\u00e9galit\u00e9 dans le tourisme suisse 2024<\/h2>\t\t\t\t<\/div>\n\t\t\t\t<\/div>\n\t\t\t\t<div class=\"elementor-element elementor-element-687fc7c show-bullets elementor-widget elementor-widget-text-editor\" data-id=\"687fc7c\" data-element_type=\"widget\" data-widget_type=\"text-editor.default\">\n\t\t\t\t<div class=\"elementor-widget-container\">\n\t\t\t\t\t\t\t\t\t<ul>\n<li><b><span data-contrast=\"auto\">Situation des travailleurs du tourisme :<\/span><\/b><span data-contrast=\"auto\">  La r\u00e9partition par sexe montre que 39 % des \u00e9quivalents temps plein (ETP) et 45 % des employ\u00e9s sont des femmes. Cela s&rsquo;explique par la proportion plus \u00e9lev\u00e9e de travail \u00e0 temps partiel chez les femmes par rapport aux hommes.<\/span><span data-ccp-props=\"{\"134233117\":true,\"134233118\":true,\"201341983\":0,\"335551550\":6,\"335551620\":6,\"335559685\":720,\"335559737\":0,\"335559740\":259,\"335559991\":360}\">&nbsp;<\/span><\/li>\n<li><b><span data-contrast=\"auto\">situation aupr\u00e8s des entreprises du tourisme :<\/span><\/b><span data-contrast=\"auto\">  Il existe des diff\u00e9rences significatives au sein des secteurs. Ainsi, les secteurs du transport de personnes, de la navigation et des remont\u00e9es m\u00e9caniques sont ceux qui emploient proportionnellement le moins de femmes.<\/span><span data-ccp-props=\"{\"134233117\":true,\"134233118\":true,\"201341983\":0,\"335551550\":6,\"335551620\":6,\"335559685\":720,\"335559737\":0,\"335559740\":259,\"335559991\":360}\">&nbsp;<\/span><span data-contrast=\"auto\">En moyenne, 29 % des membres des organes strat\u00e9giques sont des femmes. Les proportions varient fortement entre les sous-branches, par exemple seulement 12% dans le transport de personnes contre 35% dans le commerce de d\u00e9tail touristique.  <\/span> <span data-ccp-props=\"{\"134233117\":true,\"134233118\":true,\"201341983\":0,\"335551550\":6,\"335551620\":6,\"335559685\":720,\"335559737\":0,\"335559740\":259,\"335559991\":360}\">&nbsp;&nbsp;<\/span><\/li>\n<li><b><span data-contrast=\"auto\">Situation aupr\u00e8s des associations dans le tourisme :<\/span><\/b> <span data-contrast=\"auto\">Dans le domaine des associations touristiques, les membres principaux de la F\u00e9d\u00e9ration suisse du tourisme (FST), la FST elle-m\u00eame ainsi que la F\u00e9d\u00e9ration suisse du voyage (FST) et l&rsquo;Association des mus\u00e9es suisses (AMS) ont \u00e9t\u00e9 inclus. Les r\u00e9sultats montrent que dans les associations touristiques, les femmes sont sous-repr\u00e9sent\u00e9es dans les organes de direction : 44 % dans les directions commerciales et associatives, 29 % dans les comit\u00e9s directeurs, 37 % des personnes autoris\u00e9es \u00e0 signer, 45 % dans les vice-pr\u00e9sidences et seulement 20 % dans les pr\u00e9sidences.  <\/span><span data-ccp-props=\"{\"134233117\":false,\"134233118\":false,\"335551550\":6,\"335551620\":6,\"335559738\":240,\"335559739\":240}\">&nbsp;<\/span><\/li>\n<li><b><span data-contrast=\"auto\">Situation aupr\u00e8s des collectivit\u00e9s\/organisations touristiques :  <\/span><\/b><span data-contrast=\"auto\">Au niveau national (organisations de la Conf\u00e9d\u00e9ration), la proportion de femmes varie entre 20 % (partie touristique de l&rsquo;office f\u00e9d\u00e9ral comp\u00e9tent) et 50 % (personnes autoris\u00e9es \u00e0 signer pour Suisse Tourisme). Au niveau cantonal, la proportion de femmes parmi les autorit\u00e9s responsables du tourisme varie entre 28 % et 37 %. La proportion est plus faible dans les organisations r\u00e9gionales : Les repr\u00e9sentations des 13 r\u00e9gions touristiques de Suisse aupr\u00e8s de la Conf\u00e9rence des directeurs\/trices r\u00e9gionaux\/ales du tourisme de Suisse (CDR) comportent des comit\u00e9s dont la proportion de femmes varie entre 14 % et 23 %.<\/span><span data-ccp-props=\"{\"134233117\":false,\"134233118\":false,\"335551550\":6,\"335551620\":6,\"335559738\":240,\"335559739\":240}\">&nbsp;&nbsp;<\/span><\/li>\n<\/ul>\t\t\t\t\t\t\t\t<\/div>\n\t\t\t\t<\/div>\n\t\t\t\t<div class=\"elementor-element elementor-element-9a4bd1b elementor-widget elementor-widget-heading\" data-id=\"9a4bd1b\" data-element_type=\"widget\" data-widget_type=\"heading.default\">\n\t\t\t\t<div class=\"elementor-widget-container\">\n\t\t\t\t\t<h2 class=\"elementor-heading-title elementor-size-default\">Communiqu\u00e9 de presse<\/h2>\t\t\t\t<\/div>\n\t\t\t\t<\/div>\n\t\t\t\t<div class=\"elementor-element elementor-element-cf3017b elementor-widget elementor-widget-image\" data-id=\"cf3017b\" data-element_type=\"widget\" data-widget_type=\"image.default\">\n\t\t\t\t<div class=\"elementor-widget-container\">\n\t\t\t\t\t\t\t\t\t\t\t\t\t\t\t\t<a href=\"https:\/\/equality4tourism.ch\/wp-content\/uploads\/2024\/10\/Medienmitteilung-Equality-fur-Swiss-Tourism-Report-2024_final.pdf\" target=\"_blank\">\n\t\t\t\t\t\t\t<img decoding=\"async\" width=\"594\" height=\"840\" src=\"https:\/\/equality4tourism.ch\/wp-content\/uploads\/2024\/10\/Screenshot-2024-10-24-at-17.04.12.png\" class=\"attachment-large size-large wp-image-2504\" alt=\"\" srcset=\"https:\/\/equality4tourism.ch\/wp-content\/uploads\/2024\/10\/Screenshot-2024-10-24-at-17.04.12.png 594w, https:\/\/equality4tourism.ch\/wp-content\/uploads\/2024\/10\/Screenshot-2024-10-24-at-17.04.12-212x300.png 212w\" sizes=\"(max-width: 594px) 100vw, 594px\" \/>\t\t\t\t\t\t\t\t<\/a>\n\t\t\t\t\t\t\t\t\t\t\t\t\t\t\t<\/div>\n\t\t\t\t<\/div>\n\t\t\t\t<div class=\"elementor-element elementor-element-33763bf elementor-align-center elementor-widget elementor-widget-button\" data-id=\"33763bf\" data-element_type=\"widget\" data-widget_type=\"button.default\">\n\t\t\t\t<div class=\"elementor-widget-container\">\n\t\t\t\t\t\t\t\t\t<div class=\"elementor-button-wrapper\">\n\t\t\t\t\t<a class=\"elementor-button elementor-button-link elementor-size-sm\" href=\"https:\/\/equality4tourism.ch\/wp-content\/uploads\/2024\/10\/Medienmitteilung-Equality-fur-Swiss-Tourism-Report-2024_final.pdf\" target=\"_blank\">\n\t\t\t\t\t\t<span class=\"elementor-button-content-wrapper\">\n\t\t\t\t\t\t\t\t\t<span class=\"elementor-button-text\">Vers le communiqu\u00e9 de presse<\/span>\n\t\t\t\t\t<\/span>\n\t\t\t\t\t<\/a>\n\t\t\t\t<\/div>\n\t\t\t\t\t\t\t\t<\/div>\n\t\t\t\t<\/div>\n\t\t\t\t<div class=\"elementor-element elementor-element-e85da05 elementor-widget elementor-widget-spacer\" data-id=\"e85da05\" data-element_type=\"widget\" data-widget_type=\"spacer.default\">\n\t\t\t\t<div class=\"elementor-widget-container\">\n\t\t\t\t\t\t\t<div class=\"elementor-spacer\">\n\t\t\t<div class=\"elementor-spacer-inner\"><\/div>\n\t\t<\/div>\n\t\t\t\t\t\t<\/div>\n\t\t\t\t<\/div>\n\t\t\t\t<div class=\"elementor-element elementor-element-dcc39fc elementor-align-center elementor-widget elementor-widget-button\" data-id=\"dcc39fc\" data-element_type=\"widget\" data-widget_type=\"button.default\">\n\t\t\t\t<div class=\"elementor-widget-container\">\n\t\t\t\t\t\t\t\t\t<div class=\"elementor-button-wrapper\">\n\t\t\t\t\t<a class=\"elementor-button elementor-button-link elementor-size-sm\" href=\"https:\/\/equality4tourism.ch\/fr\/rapport-sur-legalite-dans-le-tourisme-suisse\/\">\n\t\t\t\t\t\t<span class=\"elementor-button-content-wrapper\">\n\t\t\t\t\t\t\t\t\t<span class=\"elementor-button-text\">Zur deutschen Version<\/span>\n\t\t\t\t\t<\/span>\n\t\t\t\t\t<\/a>\n\t\t\t\t<\/div>\n\t\t\t\t\t\t\t\t<\/div>\n\t\t\t\t<\/div>\n\t\t\t\t<div class=\"elementor-element elementor-element-645b85a elementor-widget elementor-widget-spacer\" data-id=\"645b85a\" data-element_type=\"widget\" data-widget_type=\"spacer.default\">\n\t\t\t\t<div class=\"elementor-widget-container\">\n\t\t\t\t\t\t\t<div class=\"elementor-spacer\">\n\t\t\t<div class=\"elementor-spacer-inner\"><\/div>\n\t\t<\/div>\n\t\t\t\t\t\t<\/div>\n\t\t\t\t<\/div>\n\t\t\t\t\t<\/div>\n\t\t<\/div>\n\t\t\t\t\t<\/div>\n\t\t<\/section>\n\t\t\t\t<section class=\"elementor-section elementor-top-section elementor-element elementor-element-6a666d4 elementor-section-boxed elementor-section-height-default elementor-section-height-default\" data-id=\"6a666d4\" data-element_type=\"section\">\n\t\t\t\t\t\t<div class=\"elementor-container elementor-column-gap-default\">\n\t\t\t\t\t<div class=\"elementor-column elementor-col-100 elementor-top-column elementor-element elementor-element-a3c9c94\" data-id=\"a3c9c94\" data-element_type=\"column\">\n\t\t\t<div class=\"elementor-widget-wrap elementor-element-populated\">\n\t\t\t\t\t\t<div class=\"elementor-element elementor-element-1cf849a elementor-widget elementor-widget-spacer\" data-id=\"1cf849a\" data-element_type=\"widget\" data-widget_type=\"spacer.default\">\n\t\t\t\t<div class=\"elementor-widget-container\">\n\t\t\t\t\t\t\t<div class=\"elementor-spacer\">\n\t\t\t<div class=\"elementor-spacer-inner\"><\/div>\n\t\t<\/div>\n\t\t\t\t\t\t<\/div>\n\t\t\t\t<\/div>\n\t\t\t\t\t<\/div>\n\t\t<\/div>\n\t\t\t\t\t<\/div>\n\t\t<\/section>\n\t\t\t\t<\/div>\n\t\t","protected":false},"excerpt":{"rendered":"<p>RAPPORT SUR L&rsquo;\u00c9GALIT\u00c9 DANS LE TOURISME SUISSE Avec l&rsquo;Equality Report Swiss Tourism, on dispose pour la premi\u00e8re fois d&rsquo;une analyse de la parit\u00e9 hommes-femmes dans le tourisme suisse. Il est bien connu que les \u00e9quipes mixtes conduisent durablement \u00e0 de meilleurs r\u00e9sultats et favorisent une culture d&rsquo;entreprise motivante. Il n&rsquo;existait cependant pas jusqu&rsquo;\u00e0 pr\u00e9sent de&hellip;&nbsp;<a href=\"https:\/\/equality4tourism.ch\/fr\/rapport-sur-legalite-dans-le-tourisme-suisse\/\" rel=\"bookmark\"><span class=\"screen-reader-text\">Equality Report Swiss Tourism<\/span><\/a><\/p>\n","protected":false},"author":7,"featured_media":0,"parent":0,"menu_order":0,"comment_status":"closed","ping_status":"closed","template":"","meta":{"_acf_changed":false,"neve_meta_sidebar":"","neve_meta_container":"","neve_meta_enable_content_width":"","neve_meta_content_width":0,"neve_meta_title_alignment":"","neve_meta_author_avatar":"","neve_post_elements_order":"","neve_meta_disable_header":"","neve_meta_disable_footer":"","neve_meta_disable_title":"","footnotes":""},"class_list":["post-3394","page","type-page","status-publish","hentry"],"acf":[],"_links":{"self":[{"href":"https:\/\/equality4tourism.ch\/fr\/wp-json\/wp\/v2\/pages\/3394","targetHints":{"allow":["GET"]}}],"collection":[{"href":"https:\/\/equality4tourism.ch\/fr\/wp-json\/wp\/v2\/pages"}],"about":[{"href":"https:\/\/equality4tourism.ch\/fr\/wp-json\/wp\/v2\/types\/page"}],"author":[{"embeddable":true,"href":"https:\/\/equality4tourism.ch\/fr\/wp-json\/wp\/v2\/users\/7"}],"replies":[{"embeddable":true,"href":"https:\/\/equality4tourism.ch\/fr\/wp-json\/wp\/v2\/comments?post=3394"}],"version-history":[{"count":7,"href":"https:\/\/equality4tourism.ch\/fr\/wp-json\/wp\/v2\/pages\/3394\/revisions"}],"predecessor-version":[{"id":4513,"href":"https:\/\/equality4tourism.ch\/fr\/wp-json\/wp\/v2\/pages\/3394\/revisions\/4513"}],"wp:attachment":[{"href":"https:\/\/equality4tourism.ch\/fr\/wp-json\/wp\/v2\/media?parent=3394"}],"curies":[{"name":"wp","href":"https:\/\/api.w.org\/{rel}","templated":true}]}}